{"id":56,"date":"2019-03-09T10:37:56","date_gmt":"2019-03-09T10:37:56","guid":{"rendered":"http:\/\/fusspflege-kosmetik-schiffler.com\/?page_id=56"},"modified":"2019-03-12T16:22:49","modified_gmt":"2019-03-12T16:22:49","slug":"kosmetik","status":"publish","type":"page","link":"http:\/\/fusspflege-kosmetik-schiffler.com\/?page_id=56","title":{"rendered":"Kosmetik"},"content":{"rendered":"\t\t<div data-elementor-type=\"wp-post\" data-elementor-id=\"56\" class=\"elementor elementor-56\">\n\t\t\t\t\t\t<section class=\"elementor-section elementor-top-section elementor-element elementor-element-4eadf83d elementor-section-boxed elementor-section-height-default elementor-section-height-default\" data-id=\"4eadf83d\" data-element_type=\"section\" data-e-type=\"section\" data-settings=\"{&quot;background_background&quot;:&quot;classic&quot;,&quot;shape_divider_bottom&quot;:&quot;curve&quot;,&quot;shape_divider_bottom_negative&quot;:&quot;yes&quot;}\">\n\t\t\t\t\t\t\t<div class=\"elementor-background-overlay\"><\/div>\n\t\t\t\t\t\t<div class=\"elementor-shape elementor-shape-bottom\" aria-hidden=\"true\" data-negative=\"true\">\n\t\t\t<svg xmlns=\"http:\/\/www.w3.org\/2000\/svg\" viewBox=\"0 0 1000 100\" preserveAspectRatio=\"none\">\n\t<path class=\"elementor-shape-fill\" d=\"M500,97C126.7,96.3,0.8,19.8,0,0v100l1000,0V1C1000,19.4,873.3,97.8,500,97z\"\/>\n<\/svg>\t\t<\/div>\n\t\t\t\t\t<div class=\"elementor-container elementor-column-gap-default\">\n\t\t\t\t\t<div class=\"elementor-column elementor-col-100 elementor-top-column elementor-element elementor-element-14f1b89f\" data-id=\"14f1b89f\" data-element_type=\"column\" data-e-type=\"column\">\n\t\t\t<div class=\"elementor-widget-wrap elementor-element-populated\">\n\t\t\t\t\t\t<div class=\"elementor-element elementor-element-a1a2ec5 elementor-widget elementor-widget-heading\" data-id=\"a1a2ec5\" data-element_type=\"widget\" data-e-type=\"widget\" data-widget_type=\"heading.default\">\n\t\t\t\t<div class=\"elementor-widget-container\">\n\t\t\t\t\t<h2 class=\"elementor-heading-title elementor-size-default\"><a href=\"http:\/\/fusspflege-kosmetik-schiffler.com\" target=\"_blank\">Kosmetik &amp; Wellness<\/a><\/h2>\t\t\t\t<\/div>\n\t\t\t\t<\/div>\n\t\t\t\t<div class=\"elementor-element elementor-element-79caf718 elementor-widget-divider--view-line elementor-widget elementor-widget-divider\" data-id=\"79caf718\" data-element_type=\"widget\" data-e-type=\"widget\" data-widget_type=\"divider.default\">\n\t\t\t\t<div class=\"elementor-widget-container\">\n\t\t\t\t\t\t\t<div class=\"elementor-divider\">\n\t\t\t<span class=\"elementor-divider-separator\">\n\t\t\t\t\t\t<\/span>\n\t\t<\/div>\n\t\t\t\t\t\t<\/div>\n\t\t\t\t<\/div>\n\t\t\t\t\t<\/div>\n\t\t<\/div>\n\t\t\t\t\t<\/div>\n\t\t<\/section>\n\t\t\t\t<section class=\"elementor-section elementor-top-section elementor-element elementor-element-7e0b7ba5 elementor-section-boxed elementor-section-height-default elementor-section-height-default\" data-id=\"7e0b7ba5\" data-element_type=\"section\" data-e-type=\"section\" data-settings=\"{&quot;background_background&quot;:&quot;classic&quot;}\">\n\t\t\t\t\t\t<div class=\"elementor-container elementor-column-gap-wide\">\n\t\t\t\t\t<div class=\"elementor-column elementor-col-100 elementor-top-column elementor-element elementor-element-555fcd0b\" data-id=\"555fcd0b\" data-element_type=\"column\" data-e-type=\"column\">\n\t\t\t<div class=\"elementor-widget-wrap elementor-element-populated\">\n\t\t\t\t\t\t<div class=\"elementor-element elementor-element-c3b5380 elementor-widget elementor-widget-heading\" data-id=\"c3b5380\" data-element_type=\"widget\" data-e-type=\"widget\" data-widget_type=\"heading.default\">\n\t\t\t\t<div class=\"elementor-widget-container\">\n\t\t\t\t\t<h3 class=\"elementor-heading-title elementor-size-default\">Kosmetik<\/h3>\t\t\t\t<\/div>\n\t\t\t\t<\/div>\n\t\t\t\t<div class=\"elementor-element elementor-element-145a7aab elementor-view-default elementor-widget elementor-widget-icon\" data-id=\"145a7aab\" data-element_type=\"widget\" data-e-type=\"widget\" data-widget_type=\"icon.default\">\n\t\t\t\t<div class=\"elementor-widget-container\">\n\t\t\t\t\t\t\t<div class=\"elementor-icon-wrapper\">\n\t\t\t<div class=\"elementor-icon\">\n\t\t\t\t\t\t\t<i class=\"fa fa-envira\" aria-hidden=\"true\"><\/i>\n\t\t\t\t\t\t<\/div>\n\t\t<\/div>\n\t\t\t\t\t\t<\/div>\n\t\t\t\t<\/div>\n\t\t\t\t<div class=\"elementor-element elementor-element-894045c elementor-widget elementor-widget-image\" data-id=\"894045c\" data-element_type=\"widget\" data-e-type=\"widget\" data-widget_type=\"image.default\">\n\t\t\t\t<div class=\"elementor-widget-container\">\n\t\t\t\t\t\t\t\t\t\t\t\t\t\t\t<img fetchpriority=\"high\" decoding=\"async\" width=\"525\" height=\"353\" src=\"http:\/\/fusspflege-kosmetik-schiffler.com\/wp-content\/uploads\/2019\/03\/Fotolia_163752127_Subscription_Monthly_M-1024x688.jpg\" class=\"attachment-large size-large wp-image-195\" alt=\"\" srcset=\"http:\/\/fusspflege-kosmetik-schiffler.com\/wp-content\/uploads\/2019\/03\/Fotolia_163752127_Subscription_Monthly_M-1024x688.jpg 1024w, http:\/\/fusspflege-kosmetik-schiffler.com\/wp-content\/uploads\/2019\/03\/Fotolia_163752127_Subscription_Monthly_M-300x202.jpg 300w, http:\/\/fusspflege-kosmetik-schiffler.com\/wp-content\/uploads\/2019\/03\/Fotolia_163752127_Subscription_Monthly_M-768x516.jpg 768w, http:\/\/fusspflege-kosmetik-schiffler.com\/wp-content\/uploads\/2019\/03\/Fotolia_163752127_Subscription_Monthly_M.jpg 1682w\" sizes=\"100vw\" \/>\t\t\t\t\t\t\t\t\t\t\t\t\t\t\t<\/div>\n\t\t\t\t<\/div>\n\t\t\t\t<section class=\"elementor-section elementor-inner-section elementor-element elementor-element-49939833 elementor-section-boxed elementor-section-height-default elementor-section-height-default\" data-id=\"49939833\" data-element_type=\"section\" data-e-type=\"section\">\n\t\t\t\t\t\t<div class=\"elementor-container elementor-column-gap-default\">\n\t\t\t\t\t<div class=\"elementor-column elementor-col-100 elementor-inner-column elementor-element elementor-element-1f6b15cd\" data-id=\"1f6b15cd\" data-element_type=\"column\" data-e-type=\"column\">\n\t\t\t<div class=\"elementor-widget-wrap elementor-element-populated\">\n\t\t\t\t\t\t<div class=\"elementor-element elementor-element-7d6ad13a elementor-widget elementor-widget-text-editor\" data-id=\"7d6ad13a\" data-element_type=\"widget\" data-e-type=\"widget\" data-widget_type=\"text-editor.default\">\n\t\t\t\t<div class=\"elementor-widget-container\">\n\t\t\t\t\t\t\t\t\t<p style=\"text-align: left;\"><span style=\"color: #000000;\">Von der klassischen Sch\u00f6nheitsbehandlung bis zu erholsamen <a style=\"color: #000000;\" href=\"http:\/\/www.fusspflege-kosmetik-schiffler.de\/Massagen.html\">Massagen<\/a> kombiniert mit hochwirksamen und bestens vertr\u00e4glichen Produkten, bieten wir exakt die richtigen L\u00f6sungen, abgestimmt auf den Hauttyp und Hautzustand jeden Alters. \u00a0<\/span><span style=\"color: #000000;\">Wir verw\u00f6hnen sie gerne rundum und lassen jede Behandlung zu einem unvergesslichen Erlebnis werden.<\/span><\/p>\t\t\t\t\t\t\t\t<\/div>\n\t\t\t\t<\/div>\n\t\t\t\t\t<\/div>\n\t\t<\/div>\n\t\t\t\t\t<\/div>\n\t\t<\/section>\n\t\t\t\t\t<\/div>\n\t\t<\/div>\n\t\t\t\t\t<\/div>\n\t\t<\/section>\n\t\t\t\t<section class=\"elementor-section elementor-top-section elementor-element elementor-element-2c9e59b elementor-section-height-min-height elementor-section-boxed elementor-section-height-default elementor-section-items-middle\" data-id=\"2c9e59b\" data-element_type=\"section\" data-e-type=\"section\" data-settings=\"{&quot;background_background&quot;:&quot;classic&quot;}\">\n\t\t\t\t\t\t<div class=\"elementor-container elementor-column-gap-wide\">\n\t\t\t\t\t<div class=\"elementor-column elementor-col-100 elementor-top-column elementor-element elementor-element-b7ca992\" data-id=\"b7ca992\" data-element_type=\"column\" data-e-type=\"column\">\n\t\t\t<div class=\"elementor-widget-wrap elementor-element-populated\">\n\t\t\t\t\t\t<div class=\"elementor-element elementor-element-61d5327 elementor-widget elementor-widget-heading\" data-id=\"61d5327\" data-element_type=\"widget\" data-e-type=\"widget\" data-widget_type=\"heading.default\">\n\t\t\t\t<div class=\"elementor-widget-container\">\n\t\t\t\t\t<h3 class=\"elementor-heading-title elementor-size-default\">Gesichtspflege<\/h3>\t\t\t\t<\/div>\n\t\t\t\t<\/div>\n\t\t\t\t<div class=\"elementor-element elementor-element-976abbc elementor-view-default elementor-widget elementor-widget-icon\" data-id=\"976abbc\" data-element_type=\"widget\" data-e-type=\"widget\" data-widget_type=\"icon.default\">\n\t\t\t\t<div class=\"elementor-widget-container\">\n\t\t\t\t\t\t\t<div class=\"elementor-icon-wrapper\">\n\t\t\t<div class=\"elementor-icon\">\n\t\t\t\t\t\t\t<i class=\"fa fa-envira\" aria-hidden=\"true\"><\/i>\n\t\t\t\t\t\t<\/div>\n\t\t<\/div>\n\t\t\t\t\t\t<\/div>\n\t\t\t\t<\/div>\n\t\t\t\t<section class=\"elementor-section elementor-inner-section elementor-element elementor-element-70b0050 elementor-section-boxed elementor-section-height-default elementor-section-height-default\" data-id=\"70b0050\" data-element_type=\"section\" data-e-type=\"section\">\n\t\t\t\t\t\t<div class=\"elementor-container elementor-column-gap-default\">\n\t\t\t\t\t<div class=\"elementor-column elementor-col-100 elementor-inner-column elementor-element elementor-element-67718bc\" data-id=\"67718bc\" data-element_type=\"column\" data-e-type=\"column\">\n\t\t\t<div class=\"elementor-widget-wrap elementor-element-populated\">\n\t\t\t\t\t\t<div class=\"elementor-element elementor-element-bdebdb7 elementor-widget elementor-widget-image\" data-id=\"bdebdb7\" data-element_type=\"widget\" data-e-type=\"widget\" data-widget_type=\"image.default\">\n\t\t\t\t<div class=\"elementor-widget-container\">\n\t\t\t\t\t\t\t\t\t\t\t\t\t\t\t<img decoding=\"async\" width=\"525\" height=\"353\" src=\"http:\/\/fusspflege-kosmetik-schiffler.com\/wp-content\/uploads\/2019\/03\/Fotolia_163887152_Subscription_Monthly_M-1024x688.jpg\" class=\"attachment-large size-large wp-image-65\" alt=\"\" srcset=\"http:\/\/fusspflege-kosmetik-schiffler.com\/wp-content\/uploads\/2019\/03\/Fotolia_163887152_Subscription_Monthly_M-1024x688.jpg 1024w, http:\/\/fusspflege-kosmetik-schiffler.com\/wp-content\/uploads\/2019\/03\/Fotolia_163887152_Subscription_Monthly_M-300x202.jpg 300w, http:\/\/fusspflege-kosmetik-schiffler.com\/wp-content\/uploads\/2019\/03\/Fotolia_163887152_Subscription_Monthly_M-768x516.jpg 768w, http:\/\/fusspflege-kosmetik-schiffler.com\/wp-content\/uploads\/2019\/03\/Fotolia_163887152_Subscription_Monthly_M.jpg 1682w\" sizes=\"100vw\" \/>\t\t\t\t\t\t\t\t\t\t\t\t\t\t\t<\/div>\n\t\t\t\t<\/div>\n\t\t\t\t<div class=\"elementor-element elementor-element-eaa536a elementor-widget elementor-widget-text-editor\" data-id=\"eaa536a\" data-element_type=\"widget\" data-e-type=\"widget\" data-widget_type=\"text-editor.default\">\n\t\t\t\t<div class=\"elementor-widget-container\">\n\t\t\t\t\t\t\t\t\t<p style=\"text-align: left;\"><span style=\"color: #000000;\">Unser Gesicht ist der Spiegel der Seele. Deshalb zielen unsere Behandlungen neben einer intensiven Pflege von Gesicht, Hals und Dekollete, vor allem auf Ihr allgemeines Wohlbefinden ab. Die ersten Signale des \u00c4lterwerdens gibt uns die Haut sehr fr\u00fch. Zum Beispiel durch Augenf\u00e4ltchen oder ein langsames Nachlassen der Spannkraft an Hals und Dekollete. Doch zum Gl\u00fcck hat die Haut die erstaunliche F\u00e4higkeit sich zu regenerieren und Sie haben die Chance, diesen Erneuerungsprozess geziehlt zu unterst\u00fctzen und eventuell Vers\u00e4umtes nachzuholen. Die fein aufeinander abgestimmten Pr\u00e4perate in unserem Pflegesortiment sollten Ihnen dabei eine wertvolle Hilfe sein.<\/span><\/p><p style=\"text-align: left;\">\u00a0<\/p><p style=\"text-align: left;\"><span style=\"color: #000000;\">G\u00f6nnen Sie sich und ihrer Haut eine wohltuende Auszeit mit den pflegenden Produkten von Mila d\u00b4 opiz &amp; Phytobase. Diese Produkte pflegen und verw\u00f6hnen ihre Haut, schenken neue Energie, Feuchtigkeit und lassen Sie strahlen. Mit der auf ihren Hauttyp abgestimmten Behandlung sind wir gern f\u00fcr Sie da.\u00a0<\/span><\/p><h4 style=\"text-align: left;\"><span style=\"color: #000000;\">Unsere Leistungen:\u00a0<\/span><\/h4><ul><li style=\"text-align: left;\"><span style=\"color: #000000;\">Basisbehandlung f\u00fcr unreine Haut<\/span><\/li><li style=\"text-align: left;\"><span style=\"color: #000000;\">Kleine Behandlung<\/span><\/li><li style=\"text-align: left;\"><span style=\"color: #000000;\">Businessbehandlung<\/span><\/li><li style=\"text-align: left;\"><span style=\"color: #000000;\">Systembehandlung<\/span><\/li><li style=\"text-align: left;\"><span style=\"color: #000000;\">Make up f\u00fcr spezielle Anl\u00e4sse<\/span><\/li><li style=\"text-align: left;\"><a href=\"http:\/\/fusspflege-kosmetik-schiffler.com\/?page_id=25\">med. Fusspflege<\/a><\/li><\/ul>\t\t\t\t\t\t\t\t<\/div>\n\t\t\t\t<\/div>\n\t\t\t\t\t<\/div>\n\t\t<\/div>\n\t\t\t\t\t<\/div>\n\t\t<\/section>\n\t\t\t\t\t<\/div>\n\t\t<\/div>\n\t\t\t\t\t<\/div>\n\t\t<\/section>\n\t\t\t\t<section class=\"elementor-section elementor-top-section elementor-element elementor-element-7e5bc8f elementor-section-height-min-height elementor-section-boxed elementor-section-height-default elementor-section-items-middle\" data-id=\"7e5bc8f\" data-element_type=\"section\" data-e-type=\"section\" data-settings=\"{&quot;background_background&quot;:&quot;classic&quot;}\">\n\t\t\t\t\t\t<div class=\"elementor-container elementor-column-gap-wide\">\n\t\t\t\t\t<div class=\"elementor-column elementor-col-100 elementor-top-column elementor-element elementor-element-c15fa50\" data-id=\"c15fa50\" data-element_type=\"column\" data-e-type=\"column\">\n\t\t\t<div class=\"elementor-widget-wrap elementor-element-populated\">\n\t\t\t\t\t\t<div class=\"elementor-element elementor-element-bde535b elementor-widget elementor-widget-heading\" data-id=\"bde535b\" data-element_type=\"widget\" data-e-type=\"widget\" data-widget_type=\"heading.default\">\n\t\t\t\t<div class=\"elementor-widget-container\">\n\t\t\t\t\t<h3 class=\"elementor-heading-title elementor-size-default\">Wellness<\/h3>\t\t\t\t<\/div>\n\t\t\t\t<\/div>\n\t\t\t\t<div class=\"elementor-element elementor-element-452e34f elementor-view-default elementor-widget elementor-widget-icon\" data-id=\"452e34f\" data-element_type=\"widget\" data-e-type=\"widget\" data-widget_type=\"icon.default\">\n\t\t\t\t<div class=\"elementor-widget-container\">\n\t\t\t\t\t\t\t<div class=\"elementor-icon-wrapper\">\n\t\t\t<div class=\"elementor-icon\">\n\t\t\t\t\t\t\t<i class=\"fa fa-envira\" aria-hidden=\"true\"><\/i>\n\t\t\t\t\t\t<\/div>\n\t\t<\/div>\n\t\t\t\t\t\t<\/div>\n\t\t\t\t<\/div>\n\t\t\t\t<section class=\"elementor-section elementor-inner-section elementor-element elementor-element-e6dd269 elementor-section-boxed elementor-section-height-default elementor-section-height-default\" data-id=\"e6dd269\" data-element_type=\"section\" data-e-type=\"section\">\n\t\t\t\t\t\t<div class=\"elementor-container elementor-column-gap-default\">\n\t\t\t\t\t<div class=\"elementor-column elementor-col-100 elementor-inner-column elementor-element elementor-element-d7c330e\" data-id=\"d7c330e\" data-element_type=\"column\" data-e-type=\"column\">\n\t\t\t<div class=\"elementor-widget-wrap elementor-element-populated\">\n\t\t\t\t\t\t<div class=\"elementor-element elementor-element-2ad3df4 elementor-widget elementor-widget-image\" data-id=\"2ad3df4\" data-element_type=\"widget\" data-e-type=\"widget\" data-widget_type=\"image.default\">\n\t\t\t\t<div class=\"elementor-widget-container\">\n\t\t\t\t\t\t\t\t\t\t\t\t\t\t\t<img decoding=\"async\" width=\"525\" height=\"350\" src=\"http:\/\/fusspflege-kosmetik-schiffler.com\/wp-content\/uploads\/2019\/03\/Fotolia_122536260_Subscription_Monthly_M-1024x683.jpg\" class=\"attachment-large size-large wp-image-68\" alt=\"\" srcset=\"http:\/\/fusspflege-kosmetik-schiffler.com\/wp-content\/uploads\/2019\/03\/Fotolia_122536260_Subscription_Monthly_M-1024x683.jpg 1024w, http:\/\/fusspflege-kosmetik-schiffler.com\/wp-content\/uploads\/2019\/03\/Fotolia_122536260_Subscription_Monthly_M-300x200.jpg 300w, http:\/\/fusspflege-kosmetik-schiffler.com\/wp-content\/uploads\/2019\/03\/Fotolia_122536260_Subscription_Monthly_M-768x513.jpg 768w, http:\/\/fusspflege-kosmetik-schiffler.com\/wp-content\/uploads\/2019\/03\/Fotolia_122536260_Subscription_Monthly_M.jpg 1687w\" sizes=\"100vw\" \/>\t\t\t\t\t\t\t\t\t\t\t\t\t\t\t<\/div>\n\t\t\t\t<\/div>\n\t\t\t\t<div class=\"elementor-element elementor-element-e2cb0e0 elementor-widget elementor-widget-text-editor\" data-id=\"e2cb0e0\" data-element_type=\"widget\" data-e-type=\"widget\" data-widget_type=\"text-editor.default\">\n\t\t\t\t<div class=\"elementor-widget-container\">\n\t\t\t\t\t\t\t\t\t<p style=\"text-align: left;\"><span style=\"color: #000000;\">Zeit f\u00fcr Entspannung! Egal ob R\u00fcckenmassage, Ganzk\u00f6rpermassage oder eine w\u00e4rmende Hot Stone Massage. Ziel aller Behandlungen ist die Vorbeugung &amp; Behandlung von Entspannungen sowie Verh\u00e4rtungen der Muskulatur. Lassen Sie sich verw\u00f6hnen!<\/span><\/p><p style=\"text-align: left;\"><span style=\"color: #333333; font-size: 1.125rem; font-weight: 800;\">Unser Angebot:<\/span><\/p><ul style=\"color: #919191; font-family: Roboto, sans-serif; text-align: left;\"><li><span style=\"color: #000000; font-size: 1rem;\">R\u00fcckenmassage\u00a0 <br \/><\/span><\/li><li><span style=\"color: #000000; font-size: 1rem;\">Ganzk\u00f6rpermassage <br \/><\/span><\/li><li><span style=\"color: #000000; font-size: 1rem;\">Hot Stone Massage R\u00fccken \u00a0oder Ganzk\u00f6rper <br \/><\/span><\/li><\/ul>\t\t\t\t\t\t\t\t<\/div>\n\t\t\t\t<\/div>\n\t\t\t\t\t<\/div>\n\t\t<\/div>\n\t\t\t\t\t<\/div>\n\t\t<\/section>\n\t\t\t\t<div class=\"elementor-element elementor-element-12b9a9c elementor-widget elementor-widget-button\" data-id=\"12b9a9c\" data-element_type=\"widget\" data-e-type=\"widget\" data-widget_type=\"button.default\">\n\t\t\t\t<div class=\"elementor-widget-container\">\n\t\t\t\t\t\t\t\t\t<div class=\"elementor-button-wrapper\">\n\t\t\t\t\t<a class=\"elementor-button elementor-button-link elementor-size-sm\" href=\"http:\/\/fusspflege-kosmetik-schiffler.com\/?page_id=11\">\n\t\t\t\t\t\t<span class=\"elementor-button-content-wrapper\">\n\t\t\t\t\t\t\t\t\t<span class=\"elementor-button-text\">zur\u00fcck zur Startseite<\/span>\n\t\t\t\t\t<\/span>\n\t\t\t\t\t<\/a>\n\t\t\t\t<\/div>\n\t\t\t\t\t\t\t\t<\/div>\n\t\t\t\t<\/div>\n\t\t\t\t\t<\/div>\n\t\t<\/div>\n\t\t\t\t\t<\/div>\n\t\t<\/section>\n\t\t\t\t<\/div>\n\t\t","protected":false},"excerpt":{"rendered":"<p>Kosmetik &amp; Wellness Kosmetik Von der klassischen Sch\u00f6nheitsbehandlung bis zu erholsamen Massagen kombiniert mit hochwirksamen und bestens vertr\u00e4glichen Produkten, bieten wir exakt die richtigen L\u00f6sungen, abgestimmt auf den Hauttyp und Hautzustand jeden Alters. \u00a0Wir verw\u00f6hnen sie gerne rundum und lassen jede Behandlung zu einem unvergesslichen Erlebnis werden. Gesichtspflege Unser Gesicht ist der Spiegel der Seele. &hellip; <\/p>\n<p class=\"link-more\"><a href=\"http:\/\/fusspflege-kosmetik-schiffler.com\/?page_id=56\" class=\"more-link\"><span class=\"screen-reader-text\">\u201eKosmetik\u201c <\/span>weiterlesen<\/a><\/p>\n","protected":false},"author":1,"featured_media":65,"parent":11,"menu_order":3,"comment_status":"closed","ping_status":"closed","template":"elementor_canvas","meta":{"footnotes":""},"class_list":["post-56","page","type-page","status-publish","has-post-thumbnail","hentry"],"_links":{"self":[{"href":"http:\/\/fusspflege-kosmetik-schiffler.com\/index.php?rest_route=\/wp\/v2\/pages\/56","targetHints":{"allow":["GET"]}}],"collection":[{"href":"http:\/\/fusspflege-kosmetik-schiffler.com\/index.php?rest_route=\/wp\/v2\/pages"}],"about":[{"href":"http:\/\/fusspflege-kosmetik-schiffler.com\/index.php?rest_route=\/wp\/v2\/types\/page"}],"author":[{"embeddable":true,"href":"http:\/\/fusspflege-kosmetik-schiffler.com\/index.php?rest_route=\/wp\/v2\/users\/1"}],"replies":[{"embeddable":true,"href":"http:\/\/fusspflege-kosmetik-schiffler.com\/index.php?rest_route=%2Fwp%2Fv2%2Fcomments&post=56"}],"version-history":[{"count":35,"href":"http:\/\/fusspflege-kosmetik-schiffler.com\/index.php?rest_route=\/wp\/v2\/pages\/56\/revisions"}],"predecessor-version":[{"id":229,"href":"http:\/\/fusspflege-kosmetik-schiffler.com\/index.php?rest_route=\/wp\/v2\/pages\/56\/revisions\/229"}],"up":[{"embeddable":true,"href":"http:\/\/fusspflege-kosmetik-schiffler.com\/index.php?rest_route=\/wp\/v2\/pages\/11"}],"wp:featuredmedia":[{"embeddable":true,"href":"http:\/\/fusspflege-kosmetik-schiffler.com\/index.php?rest_route=\/wp\/v2\/media\/65"}],"wp:attachment":[{"href":"http:\/\/fusspflege-kosmetik-schiffler.com\/index.php?rest_route=%2Fwp%2Fv2%2Fmedia&parent=56"}],"curies":[{"name":"wp","href":"https:\/\/api.w.org\/{rel}","templated":true}]}}