{"id":25,"date":"2019-03-09T10:32:25","date_gmt":"2019-03-09T10:32:25","guid":{"rendered":"http:\/\/fusspflege-kosmetik-schiffler.com\/?page_id=25"},"modified":"2025-06-26T09:25:09","modified_gmt":"2025-06-26T09:25:09","slug":"fusspflege","status":"publish","type":"page","link":"http:\/\/fusspflege-kosmetik-schiffler.com\/?page_id=25","title":{"rendered":"Fusspflege"},"content":{"rendered":"\t\t<div data-elementor-type=\"wp-post\" data-elementor-id=\"25\" class=\"elementor elementor-25\">\n\t\t\t\t\t\t<section class=\"elementor-section elementor-top-section elementor-element elementor-element-4f707c85 elementor-section-boxed elementor-section-height-default elementor-section-height-default\" data-id=\"4f707c85\" data-element_type=\"section\" data-e-type=\"section\" data-settings=\"{&quot;background_background&quot;:&quot;classic&quot;,&quot;shape_divider_bottom&quot;:&quot;curve&quot;,&quot;shape_divider_bottom_negative&quot;:&quot;yes&quot;}\">\n\t\t\t\t\t\t\t<div class=\"elementor-background-overlay\"><\/div>\n\t\t\t\t\t\t<div class=\"elementor-shape elementor-shape-bottom\" aria-hidden=\"true\" data-negative=\"true\">\n\t\t\t<svg xmlns=\"http:\/\/www.w3.org\/2000\/svg\" viewBox=\"0 0 1000 100\" preserveAspectRatio=\"none\">\n\t<path class=\"elementor-shape-fill\" d=\"M500,97C126.7,96.3,0.8,19.8,0,0v100l1000,0V1C1000,19.4,873.3,97.8,500,97z\"\/>\n<\/svg>\t\t<\/div>\n\t\t\t\t\t<div class=\"elementor-container elementor-column-gap-default\">\n\t\t\t\t\t<div class=\"elementor-column elementor-col-100 elementor-top-column elementor-element elementor-element-7dae586c\" data-id=\"7dae586c\" data-element_type=\"column\" data-e-type=\"column\">\n\t\t\t<div class=\"elementor-widget-wrap elementor-element-populated\">\n\t\t\t\t\t\t<div class=\"elementor-element elementor-element-1c464f48 elementor-widget elementor-widget-heading\" data-id=\"1c464f48\" data-element_type=\"widget\" data-e-type=\"widget\" data-widget_type=\"heading.default\">\n\t\t\t\t<div class=\"elementor-widget-container\">\n\t\t\t\t\t<h2 class=\"elementor-heading-title elementor-size-default\"><a href=\"http:\/\/fusspflege-kosmetik-schiffler.com\" target=\"_blank\">Fusspflege<\/a><\/h2>\t\t\t\t<\/div>\n\t\t\t\t<\/div>\n\t\t\t\t<div class=\"elementor-element elementor-element-3be22376 elementor-widget-divider--view-line elementor-widget elementor-widget-divider\" data-id=\"3be22376\" data-element_type=\"widget\" data-e-type=\"widget\" data-widget_type=\"divider.default\">\n\t\t\t\t<div class=\"elementor-widget-container\">\n\t\t\t\t\t\t\t<div class=\"elementor-divider\">\n\t\t\t<span class=\"elementor-divider-separator\">\n\t\t\t\t\t\t<\/span>\n\t\t<\/div>\n\t\t\t\t\t\t<\/div>\n\t\t\t\t<\/div>\n\t\t\t\t\t<\/div>\n\t\t<\/div>\n\t\t\t\t\t<\/div>\n\t\t<\/section>\n\t\t\t\t<section class=\"elementor-section elementor-top-section elementor-element elementor-element-25b6648 elementor-section-boxed elementor-section-height-default elementor-section-height-default\" data-id=\"25b6648\" data-element_type=\"section\" data-e-type=\"section\" data-settings=\"{&quot;background_background&quot;:&quot;classic&quot;}\">\n\t\t\t\t\t\t<div class=\"elementor-container elementor-column-gap-wide\">\n\t\t\t\t\t<div class=\"elementor-column elementor-col-100 elementor-top-column elementor-element elementor-element-17f866e9\" data-id=\"17f866e9\" data-element_type=\"column\" data-e-type=\"column\">\n\t\t\t<div class=\"elementor-widget-wrap elementor-element-populated\">\n\t\t\t\t\t\t<div class=\"elementor-element elementor-element-4c923381 elementor-widget elementor-widget-heading\" data-id=\"4c923381\" data-element_type=\"widget\" data-e-type=\"widget\" data-widget_type=\"heading.default\">\n\t\t\t\t<div class=\"elementor-widget-container\">\n\t\t\t\t\t<h3 class=\"elementor-heading-title elementor-size-default\">Unser Angebot<\/h3>\t\t\t\t<\/div>\n\t\t\t\t<\/div>\n\t\t\t\t<div class=\"elementor-element elementor-element-658501a1 elementor-view-default elementor-widget elementor-widget-icon\" data-id=\"658501a1\" data-element_type=\"widget\" data-e-type=\"widget\" data-widget_type=\"icon.default\">\n\t\t\t\t<div class=\"elementor-widget-container\">\n\t\t\t\t\t\t\t<div class=\"elementor-icon-wrapper\">\n\t\t\t<div class=\"elementor-icon\">\n\t\t\t\t\t\t\t<i class=\"fa fa-envira\" aria-hidden=\"true\"><\/i>\n\t\t\t\t\t\t<\/div>\n\t\t<\/div>\n\t\t\t\t\t\t<\/div>\n\t\t\t\t<\/div>\n\t\t\t\t<div class=\"elementor-element elementor-element-278181b elementor-tabs-view-horizontal elementor-widget elementor-widget-tabs\" data-id=\"278181b\" data-element_type=\"widget\" data-e-type=\"widget\" data-widget_type=\"tabs.default\">\n\t\t\t\t<div class=\"elementor-widget-container\">\n\t\t\t\t\t\t\t<div class=\"elementor-tabs\">\n\t\t\t<div class=\"elementor-tabs-wrapper\" role=\"tablist\" >\n\t\t\t\t\t\t\t\t\t<div id=\"elementor-tab-title-4141\" class=\"elementor-tab-title elementor-tab-desktop-title\" aria-selected=\"true\" data-tab=\"1\" role=\"tab\" tabindex=\"0\" aria-controls=\"elementor-tab-content-4141\" aria-expanded=\"false\">medizinische Fusspflege<\/div>\n\t\t\t\t\t\t\t\t\t<div id=\"elementor-tab-title-4142\" class=\"elementor-tab-title elementor-tab-desktop-title\" aria-selected=\"false\" data-tab=\"2\" role=\"tab\" tabindex=\"-1\" aria-controls=\"elementor-tab-content-4142\" aria-expanded=\"false\">Manik\u00fcre<\/div>\n\t\t\t\t\t\t\t\t\t<div id=\"elementor-tab-title-4143\" class=\"elementor-tab-title elementor-tab-desktop-title\" aria-selected=\"false\" data-tab=\"3\" role=\"tab\" tabindex=\"-1\" aria-controls=\"elementor-tab-content-4143\" aria-expanded=\"false\">Zusatzleistungen<\/div>\n\t\t\t\t\t\t\t<\/div>\n\t\t\t<div class=\"elementor-tabs-content-wrapper\" role=\"tablist\" aria-orientation=\"vertical\">\n\t\t\t\t\t\t\t\t\t<div class=\"elementor-tab-title elementor-tab-mobile-title\" aria-selected=\"true\" data-tab=\"1\" role=\"tab\" tabindex=\"0\" aria-controls=\"elementor-tab-content-4141\" aria-expanded=\"false\">medizinische Fusspflege<\/div>\n\t\t\t\t\t<div id=\"elementor-tab-content-4141\" class=\"elementor-tab-content elementor-clearfix\" data-tab=\"1\" role=\"tabpanel\" aria-labelledby=\"elementor-tab-title-4141\" tabindex=\"0\" hidden=\"false\"><p><b>medizinische Fu\u00dfpflege Ablauf<\/b><\/p><ul><li>individuelle Beratung<\/li><li>Fu\u00dfbad (aufweichen der Hornhaut und zur Einstimmung auf die Behandlung)<\/li><li>fachgerechtes Schneiden und Reinigen der Fu\u00dfn\u00e4gel<\/li><li>Abtragung verdickter Pilzn\u00e4gel<\/li><li>Vorbeugungsma\u00dfnahmen (einwachsen der N\u00e4gel)<\/li><li>Entfernung H\u00fchneraugen, Einlagerungen, Schwielen<\/li><li>Pflegende Salbe zum Abschluss<\/li><\/ul><\/div>\n\t\t\t\t\t\t\t\t\t<div class=\"elementor-tab-title elementor-tab-mobile-title\" aria-selected=\"false\" data-tab=\"2\" role=\"tab\" tabindex=\"-1\" aria-controls=\"elementor-tab-content-4142\" aria-expanded=\"false\">Manik\u00fcre<\/div>\n\t\t\t\t\t<div id=\"elementor-tab-content-4142\" class=\"elementor-tab-content elementor-clearfix\" data-tab=\"2\" role=\"tabpanel\" aria-labelledby=\"elementor-tab-title-4142\" tabindex=\"0\" hidden=\"hidden\"><p>Jeder w\u00fcnscht sich sch\u00f6ne und gepflegte N\u00e4gel, die auch ein unsere Pers\u00f6nlichkeit unterstreichen. Sch\u00f6ne und gepflegte H\u00e4nde sind die Visitenkarte jeder Frau und jedes Mannes.<\/p><p><strong>Ablauf der Behandlung<\/strong><\/p><ul><li>Baden der H\u00e4nde in Seifenwasser<\/li><li>K\u00fcrzen und Formen der N\u00e4gel<\/li><li>Entfernen der abgestorbenen Nagelhaut<\/li><li>Polieren der N\u00e4gel<\/li><li>Intensive Pflege der Nagelhaut mit \u00d6l<\/li><li>Abschlusspflege\u00a0<\/li><\/ul><p><strong>Zusatzleistungen<\/strong><\/p><ul><li>Nagellack\u00a0<\/li><li>Frenchspitze\u00a0<\/li><\/ul><\/div>\n\t\t\t\t\t\t\t\t\t<div class=\"elementor-tab-title elementor-tab-mobile-title\" aria-selected=\"false\" data-tab=\"3\" role=\"tab\" tabindex=\"-1\" aria-controls=\"elementor-tab-content-4143\" aria-expanded=\"false\">Zusatzleistungen<\/div>\n\t\t\t\t\t<div id=\"elementor-tab-content-4143\" class=\"elementor-tab-content elementor-clearfix\" data-tab=\"3\" role=\"tabpanel\" aria-labelledby=\"elementor-tab-title-4143\" tabindex=\"0\" hidden=\"hidden\"><ul><li>N\u00e4gel lackieren\u00a0<\/li><li>Gelfrench\u00a0<\/li><li>Fussmassage (ca.5 Min.)\u00a0<\/li><li>Nagelspange nach Aufwand<\/li><\/ul><\/div>\n\t\t\t\t\t\t\t<\/div>\n\t\t<\/div>\n\t\t\t\t\t\t<\/div>\n\t\t\t\t<\/div>\n\t\t\t\t<div class=\"elementor-element elementor-element-382b636 elementor-widget elementor-widget-image\" data-id=\"382b636\" data-element_type=\"widget\" data-e-type=\"widget\" data-widget_type=\"image.default\">\n\t\t\t\t<div class=\"elementor-widget-container\">\n\t\t\t\t\t\t\t\t\t\t\t\t\t\t\t<img decoding=\"async\" src=\"http:\/\/fusspflege-kosmetik-schiffler.com\/wp-content\/uploads\/elementor\/thumbs\/Zur\u00fccklehnen-und-einfach-wohlf\u00fchlen-III-o4m4so4kxno92ja1sb15g6t9ufbc7l3tl34cqxvdqw.jpg\" title=\"fusspflege\" alt=\"fusspflege\" loading=\"lazy\" \/>\t\t\t\t\t\t\t\t\t\t\t\t\t\t\t<\/div>\n\t\t\t\t<\/div>\n\t\t\t\t<div class=\"elementor-element elementor-element-99edac2 elementor-widget elementor-widget-button\" data-id=\"99edac2\" data-element_type=\"widget\" data-e-type=\"widget\" data-widget_type=\"button.default\">\n\t\t\t\t<div class=\"elementor-widget-container\">\n\t\t\t\t\t\t\t\t\t<div class=\"elementor-button-wrapper\">\n\t\t\t\t\t<a class=\"elementor-button elementor-button-link elementor-size-sm\" href=\"http:\/\/fusspflege-kosmetik-schiffler.com\/?page_id=11\" target=\"_blank\">\n\t\t\t\t\t\t<span class=\"elementor-button-content-wrapper\">\n\t\t\t\t\t\t\t\t\t<span class=\"elementor-button-text\">zur\u00fcck zur Startseite<\/span>\n\t\t\t\t\t<\/span>\n\t\t\t\t\t<\/a>\n\t\t\t\t<\/div>\n\t\t\t\t\t\t\t\t<\/div>\n\t\t\t\t<\/div>\n\t\t\t\t\t<\/div>\n\t\t<\/div>\n\t\t\t\t\t<\/div>\n\t\t<\/section>\n\t\t\t\t<\/div>\n\t\t","protected":false},"excerpt":{"rendered":"<p>Fusspflege Unser Angebot medizinische Fusspflege Manik\u00fcre Zusatzleistungen medizinische Fusspflege medizinische Fu\u00dfpflege Ablauf individuelle Beratung Fu\u00dfbad (aufweichen der Hornhaut und zur Einstimmung auf die Behandlung) fachgerechtes Schneiden und Reinigen der Fu\u00dfn\u00e4gel Abtragung verdickter Pilzn\u00e4gel Vorbeugungsma\u00dfnahmen (einwachsen der N\u00e4gel) Entfernung H\u00fchneraugen, Einlagerungen, Schwielen Pflegende Salbe zum Abschluss Manik\u00fcre Jeder w\u00fcnscht sich sch\u00f6ne und gepflegte N\u00e4gel, die auch &hellip; <\/p>\n<p class=\"link-more\"><a href=\"http:\/\/fusspflege-kosmetik-schiffler.com\/?page_id=25\" class=\"more-link\"><span class=\"screen-reader-text\">\u201eFusspflege\u201c <\/span>weiterlesen<\/a><\/p>\n","protected":false},"author":1,"featured_media":0,"parent":11,"menu_order":2,"comment_status":"closed","ping_status":"closed","template":"elementor_canvas","meta":{"footnotes":""},"class_list":["post-25","page","type-page","status-publish","hentry"],"_links":{"self":[{"href":"http:\/\/fusspflege-kosmetik-schiffler.com\/index.php?rest_route=\/wp\/v2\/pages\/25","targetHints":{"allow":["GET"]}}],"collection":[{"href":"http:\/\/fusspflege-kosmetik-schiffler.com\/index.php?rest_route=\/wp\/v2\/pages"}],"about":[{"href":"http:\/\/fusspflege-kosmetik-schiffler.com\/index.php?rest_route=\/wp\/v2\/types\/page"}],"author":[{"embeddable":true,"href":"http:\/\/fusspflege-kosmetik-schiffler.com\/index.php?rest_route=\/wp\/v2\/users\/1"}],"replies":[{"embeddable":true,"href":"http:\/\/fusspflege-kosmetik-schiffler.com\/index.php?rest_route=%2Fwp%2Fv2%2Fcomments&post=25"}],"version-history":[{"count":24,"href":"http:\/\/fusspflege-kosmetik-schiffler.com\/index.php?rest_route=\/wp\/v2\/pages\/25\/revisions"}],"predecessor-version":[{"id":238,"href":"http:\/\/fusspflege-kosmetik-schiffler.com\/index.php?rest_route=\/wp\/v2\/pages\/25\/revisions\/238"}],"up":[{"embeddable":true,"href":"http:\/\/fusspflege-kosmetik-schiffler.com\/index.php?rest_route=\/wp\/v2\/pages\/11"}],"wp:attachment":[{"href":"http:\/\/fusspflege-kosmetik-schiffler.com\/index.php?rest_route=%2Fwp%2Fv2%2Fmedia&parent=25"}],"curies":[{"name":"wp","href":"https:\/\/api.w.org\/{rel}","templated":true}]}}